{"id":5609,"date":"2026-03-31T02:47:43","date_gmt":"2026-03-30T23:47:43","guid":{"rendered":"https:\/\/cerifficheck.com\/wpbc-bfb-preview\/"},"modified":"2026-03-31T02:47:43","modified_gmt":"2026-03-30T23:47:43","slug":"wpbc-bfb-preview","status":"publish","type":"page","link":"https:\/\/cerifficheck.com\/en\/wpbc-bfb-preview\/","title":{"rendered":"Booking Form Preview"},"content":{"rendered":"","protected":false},"excerpt":{"rendered":"","protected":false},"author":2,"featured_media":0,"parent":0,"menu_order":0,"comment_status":"closed","ping_status":"closed","template":"","meta":{"footnotes":""},"class_list":["post-5609","page","type-page","status-publish","hentry"],"yoast_head":"<!-- This site is optimized with the Yoast SEO plugin v27.3 - https:\/\/yoast.com\/product\/yoast-seo-wordpress\/ -->\n<title>Booking Form Preview - Ceriffi Check\u00ae - Ker\u00e4\u00e4, analysoi ja kehit\u00e4.<\/title>\n<meta name=\"robots\" content=\"index, follow, max-snippet:-1, max-image-preview:large, max-video-preview:-1\" \/>\n<link rel=\"canonical\" href=\"https:\/\/cerifficheck.com\/en\/wpbc-bfb-preview\/\" \/>\n<meta property=\"og:locale\" content=\"en_US\" \/>\n<meta property=\"og:type\" content=\"article\" \/>\n<meta property=\"og:title\" content=\"Booking Form Preview - Ceriffi Check\u00ae - Ker\u00e4\u00e4, analysoi ja kehit\u00e4.\" \/>\n<meta property=\"og:url\" content=\"https:\/\/cerifficheck.com\/en\/wpbc-bfb-preview\/\" \/>\n<meta property=\"og:site_name\" content=\"Ceriffi Check\u00ae - Ker\u00e4\u00e4, analysoi ja kehit\u00e4.\" \/>\n<meta name=\"twitter:card\" content=\"summary_large_image\" \/>\n<script type=\"application\/ld+json\" class=\"yoast-schema-graph\">{\"@context\":\"https:\\\/\\\/schema.org\",\"@graph\":[{\"@type\":\"WebPage\",\"@id\":\"https:\\\/\\\/cerifficheck.com\\\/wpbc-bfb-preview\\\/\",\"url\":\"https:\\\/\\\/cerifficheck.com\\\/wpbc-bfb-preview\\\/\",\"name\":\"Booking Form Preview - Ceriffi Check\u00ae - Ker\u00e4\u00e4, analysoi ja kehit\u00e4.\",\"isPartOf\":{\"@id\":\"https:\\\/\\\/cerifficheck.com\\\/#website\"},\"datePublished\":\"2026-03-30T23:47:43+00:00\",\"breadcrumb\":{\"@id\":\"https:\\\/\\\/cerifficheck.com\\\/wpbc-bfb-preview\\\/#breadcrumb\"},\"inLanguage\":\"en-US\",\"potentialAction\":[{\"@type\":\"ReadAction\",\"target\":[\"https:\\\/\\\/cerifficheck.com\\\/wpbc-bfb-preview\\\/\"]}]},{\"@type\":\"BreadcrumbList\",\"@id\":\"https:\\\/\\\/cerifficheck.com\\\/wpbc-bfb-preview\\\/#breadcrumb\",\"itemListElement\":[{\"@type\":\"ListItem\",\"position\":1,\"name\":\"Etusivu\",\"item\":\"https:\\\/\\\/cerifficheck.com\\\/\"},{\"@type\":\"ListItem\",\"position\":2,\"name\":\"Booking Form Preview\"}]},{\"@type\":\"WebSite\",\"@id\":\"https:\\\/\\\/cerifficheck.com\\\/#website\",\"url\":\"https:\\\/\\\/cerifficheck.com\\\/\",\"name\":\"Ceriffi Check\u00ae - Ker\u00e4\u00e4, analysoi ja kehit\u00e4.\",\"description\":\"\",\"publisher\":{\"@id\":\"https:\\\/\\\/cerifficheck.com\\\/#organization\"},\"potentialAction\":[{\"@type\":\"SearchAction\",\"target\":{\"@type\":\"EntryPoint\",\"urlTemplate\":\"https:\\\/\\\/cerifficheck.com\\\/?s={search_term_string}\"},\"query-input\":{\"@type\":\"PropertyValueSpecification\",\"valueRequired\":true,\"valueName\":\"search_term_string\"}}],\"inLanguage\":\"en-US\"},{\"@type\":\"Organization\",\"@id\":\"https:\\\/\\\/cerifficheck.com\\\/#organization\",\"name\":\"Ceriffi Check\u00ae - Ker\u00e4\u00e4, analysoi ja kehit\u00e4.\",\"url\":\"https:\\\/\\\/cerifficheck.com\\\/\",\"logo\":{\"@type\":\"ImageObject\",\"inLanguage\":\"en-US\",\"@id\":\"https:\\\/\\\/cerifficheck.com\\\/#\\\/schema\\\/logo\\\/image\\\/\",\"url\":\"https:\\\/\\\/cerifficheck.com\\\/wp-content\\\/uploads\\\/2021\\\/11\\\/ceriffi-logo.webp\",\"contentUrl\":\"https:\\\/\\\/cerifficheck.com\\\/wp-content\\\/uploads\\\/2021\\\/11\\\/ceriffi-logo.webp\",\"width\":400,\"height\":112,\"caption\":\"Ceriffi Check\u00ae - Ker\u00e4\u00e4, analysoi ja kehit\u00e4.\"},\"image\":{\"@id\":\"https:\\\/\\\/cerifficheck.com\\\/#\\\/schema\\\/logo\\\/image\\\/\"}}]}<\/script>\n<!-- \/ Yoast SEO plugin. -->","yoast_head_json":{"title":"Booking Form Preview - Ceriffi Check\u00ae - Ker\u00e4\u00e4, analysoi ja kehit\u00e4.","robots":{"index":"index","follow":"follow","max-snippet":"max-snippet:-1","max-image-preview":"max-image-preview:large","max-video-preview":"max-video-preview:-1"},"canonical":"https:\/\/cerifficheck.com\/en\/wpbc-bfb-preview\/","og_locale":"en_US","og_type":"article","og_title":"Booking Form Preview - Ceriffi Check\u00ae - Ker\u00e4\u00e4, analysoi ja kehit\u00e4.","og_url":"https:\/\/cerifficheck.com\/en\/wpbc-bfb-preview\/","og_site_name":"Ceriffi Check\u00ae - Ker\u00e4\u00e4, analysoi ja kehit\u00e4.","twitter_card":"summary_large_image","schema":{"@context":"https:\/\/schema.org","@graph":[{"@type":"WebPage","@id":"https:\/\/cerifficheck.com\/wpbc-bfb-preview\/","url":"https:\/\/cerifficheck.com\/wpbc-bfb-preview\/","name":"Booking Form Preview - Ceriffi Check\u00ae - Ker\u00e4\u00e4, analysoi ja kehit\u00e4.","isPartOf":{"@id":"https:\/\/cerifficheck.com\/#website"},"datePublished":"2026-03-30T23:47:43+00:00","breadcrumb":{"@id":"https:\/\/cerifficheck.com\/wpbc-bfb-preview\/#breadcrumb"},"inLanguage":"en-US","potentialAction":[{"@type":"ReadAction","target":["https:\/\/cerifficheck.com\/wpbc-bfb-preview\/"]}]},{"@type":"BreadcrumbList","@id":"https:\/\/cerifficheck.com\/wpbc-bfb-preview\/#breadcrumb","itemListElement":[{"@type":"ListItem","position":1,"name":"Etusivu","item":"https:\/\/cerifficheck.com\/"},{"@type":"ListItem","position":2,"name":"Booking Form Preview"}]},{"@type":"WebSite","@id":"https:\/\/cerifficheck.com\/#website","url":"https:\/\/cerifficheck.com\/","name":"Ceriffi Check\u00ae - Ker\u00e4\u00e4, analysoi ja kehit\u00e4.","description":"","publisher":{"@id":"https:\/\/cerifficheck.com\/#organization"},"potentialAction":[{"@type":"SearchAction","target":{"@type":"EntryPoint","urlTemplate":"https:\/\/cerifficheck.com\/?s={search_term_string}"},"query-input":{"@type":"PropertyValueSpecification","valueRequired":true,"valueName":"search_term_string"}}],"inLanguage":"en-US"},{"@type":"Organization","@id":"https:\/\/cerifficheck.com\/#organization","name":"Ceriffi Check\u00ae - Ker\u00e4\u00e4, analysoi ja kehit\u00e4.","url":"https:\/\/cerifficheck.com\/","logo":{"@type":"ImageObject","inLanguage":"en-US","@id":"https:\/\/cerifficheck.com\/#\/schema\/logo\/image\/","url":"https:\/\/cerifficheck.com\/wp-content\/uploads\/2021\/11\/ceriffi-logo.webp","contentUrl":"https:\/\/cerifficheck.com\/wp-content\/uploads\/2021\/11\/ceriffi-logo.webp","width":400,"height":112,"caption":"Ceriffi Check\u00ae - Ker\u00e4\u00e4, analysoi ja kehit\u00e4."},"image":{"@id":"https:\/\/cerifficheck.com\/#\/schema\/logo\/image\/"}}]}},"_links":{"self":[{"href":"https:\/\/cerifficheck.com\/en\/wp-json\/wp\/v2\/pages\/5609","targetHints":{"allow":["GET"]}}],"collection":[{"href":"https:\/\/cerifficheck.com\/en\/wp-json\/wp\/v2\/pages"}],"about":[{"href":"https:\/\/cerifficheck.com\/en\/wp-json\/wp\/v2\/types\/page"}],"author":[{"embeddable":true,"href":"https:\/\/cerifficheck.com\/en\/wp-json\/wp\/v2\/users\/2"}],"replies":[{"embeddable":true,"href":"https:\/\/cerifficheck.com\/en\/wp-json\/wp\/v2\/comments?post=5609"}],"version-history":[{"count":0,"href":"https:\/\/cerifficheck.com\/en\/wp-json\/wp\/v2\/pages\/5609\/revisions"}],"wp:attachment":[{"href":"https:\/\/cerifficheck.com\/en\/wp-json\/wp\/v2\/media?parent=5609"}],"curies":[{"name":"wp","href":"https:\/\/api.w.org\/{rel}","templated":true}]}}